{"id":211,"date":"2024-10-21T14:52:30","date_gmt":"2024-10-21T13:52:30","guid":{"rendered":"https:\/\/sitras.si\/\/?page_id=211"},"modified":"2025-06-16T13:51:56","modified_gmt":"2025-06-16T13:51:56","slug":"about","status":"publish","type":"page","link":"https:\/\/sitras.si\/sl\/about\/","title":{"rendered":"O nas"},"content":{"rendered":"<div data-elementor-type=\"wp-page\" data-elementor-id=\"211\" class=\"elementor elementor-211\" data-elementor-post-type=\"page\">\n\t\t\t\t<div class=\"elementor-element elementor-element-c64dd1c e-flex e-con-boxed e-con e-parent\" data-id=\"c64dd1c\" data-element_type=\"container\">\n\t\t\t\t\t<div class=\"e-con-inner\">\n\t\t<div class=\"elementor-element elementor-element-2b1be24 e-con-full e-flex e-con e-child\" data-id=\"2b1be24\" data-element_type=\"container\">\n\t\t\t\t<div class=\"elementor-element elementor-element-3567c90 elementor-widget elementor-widget-heading\" data-id=\"3567c90\" data-element_type=\"widget\" data-widget_type=\"heading.default\">\n\t\t\t\t<div class=\"elementor-widget-container\">\n\t\t\t<p class=\"elementor-heading-title elementor-size-default\">Z vami \u017ee od leta 1990!<\/p>\t\t<\/div>\n\t\t\t\t<\/div>\n\t\t\t\t<\/div>\n\t\t\t\t\t<\/div>\n\t\t\t\t<\/div>\n\t\t<div class=\"elementor-element elementor-element-c106e53 e-flex e-con-boxed e-con e-parent\" data-id=\"c106e53\" data-element_type=\"container\">\n\t\t\t\t\t<div class=\"e-con-inner\">\n\t\t<div class=\"elementor-element elementor-element-69fa896 e-con-full e-flex e-con e-child\" data-id=\"69fa896\" data-element_type=\"container\">\n\t\t\t\t<div class=\"elementor-element elementor-element-f3e3e0a elementor-widget__width-initial elementor-widget elementor-widget-text-editor\" data-id=\"f3e3e0a\" data-element_type=\"widget\" data-widget_type=\"text-editor.default\">\n\t\t\t\t<div class=\"elementor-widget-container\">\n\t\t\t<style>\/*! elementor - v3.23.0 - 05-08-2024 *\/\n.elementor-widget-text-editor.elementor-drop-cap-view-stacked .elementor-drop-cap{background-color:#69727d;color:#fff}.elementor-widget-text-editor.elementor-drop-cap-view-framed .elementor-drop-cap{color:#69727d;border:3px solid;background-color:transparent}.elementor-widget-text-editor:not(.elementor-drop-cap-view-default) .elementor-drop-cap{margin-top:8px}.elementor-widget-text-editor:not(.elementor-drop-cap-view-default) .elementor-drop-cap-letter{width:1em;height:1em}.elementor-widget-text-editor .elementor-drop-cap{float:left;text-align:center;line-height:1;font-size:50px}.elementor-widget-text-editor .elementor-drop-cap-letter{display:inline-block}<\/style>\t\t\t\t<p><strong>Sitras oskrbuje podjetja<\/strong> v industriji plastike s plasti\u010dnimi granulami, barvili in dodatki<strong> od leta 1990<\/strong>. Na\u0161e dolgoletne izku\u0161nje in prilagodljiv pristop omogo\u010dajo re\u0161itve, prilagojene potrebam vsake posamezne stranke. Za\u010deli smo kot majhno podjetje z veliko vizijo - <strong>ponuditi kakovostne materiale in zanesljivo podporo.<\/strong> pomagati podjetjem pri njihovih vsakodnevnih izzivih.<\/p><p>Na\u0161e stranke pogosto poudarjajo, da cenijo na\u0161o hitrost in zanesljivost pri dobavi materialov, ki so klju\u010dni za nemoteno delovanje njihove proizvodnje. Hvalijo tudi na\u0161o strokovnost in pripravljenost, da jim svetujemo pri izbiri pravih materialov. \u0160tevilne stranke so za\u010dele sodelovati z nami zaradi na\u0161e prilagodljivosti pri naro\u010dilih in preglednosti cen, zato ostajamo njihov dolgoro\u010dni partner.<\/p><p>V podjetju Sitras verjamemo, da je klju\u010d do uspeha gradnja zaupanja in partnerstva - in prav to nam pogosto povedo na\u0161e stranke. Danes, po ve\u010d kot treh desetletjih delovanja, si \u0161e vedno prizadevamo za isti cilj: biti zanesljiv partner, na katerega se na\u0161e stranke lahko vedno zanesejo.<\/p>\t\t\t\t\t\t<\/div>\n\t\t\t\t<\/div>\n\t\t\t\t<\/div>\n\t\t\t\t\t<\/div>\n\t\t\t\t<\/div>\n\t\t\t\t<\/div>","protected":false},"excerpt":{"rendered":"<p>With you since 1990! Sitras has been supplying companies in the plastics industry with plastic granules, colorants and additives since 1990. Our many years of experience and flexible approach enable solutions tailored to the needs of each individual customer. We started as a small company with a big vision \u2013 to offer quality materials and [&hellip;]<\/p>","protected":false},"author":1,"featured_media":0,"parent":0,"menu_order":0,"comment_status":"closed","ping_status":"closed","template":"elementor_header_footer","meta":{"_acf_changed":false,"footnotes":""},"class_list":["post-211","page","type-page","status-publish","hentry"],"acf":[],"_links":{"self":[{"href":"https:\/\/sitras.si\/sl\/wp-json\/wp\/v2\/pages\/211","targetHints":{"allow":["GET"]}}],"collection":[{"href":"https:\/\/sitras.si\/sl\/wp-json\/wp\/v2\/pages"}],"about":[{"href":"https:\/\/sitras.si\/sl\/wp-json\/wp\/v2\/types\/page"}],"author":[{"embeddable":true,"href":"https:\/\/sitras.si\/sl\/wp-json\/wp\/v2\/users\/1"}],"replies":[{"embeddable":true,"href":"https:\/\/sitras.si\/sl\/wp-json\/wp\/v2\/comments?post=211"}],"version-history":[{"count":20,"href":"https:\/\/sitras.si\/sl\/wp-json\/wp\/v2\/pages\/211\/revisions"}],"predecessor-version":[{"id":3263,"href":"https:\/\/sitras.si\/sl\/wp-json\/wp\/v2\/pages\/211\/revisions\/3263"}],"wp:attachment":[{"href":"https:\/\/sitras.si\/sl\/wp-json\/wp\/v2\/media?parent=211"}],"curies":[{"name":"wp","href":"https:\/\/api.w.org\/{rel}","templated":true}]}}