{"id":211,"date":"2024-10-21T14:52:30","date_gmt":"2024-10-21T13:52:30","guid":{"rendered":"https:\/\/sitras.si\/\/?page_id=211"},"modified":"2025-06-16T13:51:56","modified_gmt":"2025-06-16T13:51:56","slug":"about","status":"publish","type":"page","link":"https:\/\/sitras.si\/de\/about\/","title":{"rendered":"\u00dcber uns"},"content":{"rendered":"<div data-elementor-type=\"wp-page\" data-elementor-id=\"211\" class=\"elementor elementor-211\" data-elementor-post-type=\"page\">\n\t\t\t\t<div class=\"elementor-element elementor-element-c64dd1c e-flex e-con-boxed e-con e-parent\" data-id=\"c64dd1c\" data-element_type=\"container\">\n\t\t\t\t\t<div class=\"e-con-inner\">\n\t\t<div class=\"elementor-element elementor-element-2b1be24 e-con-full e-flex e-con e-child\" data-id=\"2b1be24\" data-element_type=\"container\">\n\t\t\t\t<div class=\"elementor-element elementor-element-3567c90 elementor-widget elementor-widget-heading\" data-id=\"3567c90\" data-element_type=\"widget\" data-widget_type=\"heading.default\">\n\t\t\t\t<div class=\"elementor-widget-container\">\n\t\t\t<p class=\"elementor-heading-title elementor-size-default\">Mit Ihnen seit 1990!<\/p>\t\t<\/div>\n\t\t\t\t<\/div>\n\t\t\t\t<\/div>\n\t\t\t\t\t<\/div>\n\t\t\t\t<\/div>\n\t\t<div class=\"elementor-element elementor-element-c106e53 e-flex e-con-boxed e-con e-parent\" data-id=\"c106e53\" data-element_type=\"container\">\n\t\t\t\t\t<div class=\"e-con-inner\">\n\t\t<div class=\"elementor-element elementor-element-69fa896 e-con-full e-flex e-con e-child\" data-id=\"69fa896\" data-element_type=\"container\">\n\t\t\t\t<div class=\"elementor-element elementor-element-f3e3e0a elementor-widget__width-initial elementor-widget elementor-widget-text-editor\" data-id=\"f3e3e0a\" data-element_type=\"widget\" data-widget_type=\"text-editor.default\">\n\t\t\t\t<div class=\"elementor-widget-container\">\n\t\t\t<style>\/*! elementor - v3.23.0 - 05-08-2024 *\/\n.elementor-widget-text-editor.elementor-drop-cap-view-stacked .elementor-drop-cap{background-color:#69727d;color:#fff}.elementor-widget-text-editor.elementor-drop-cap-view-framed .elementor-drop-cap{color:#69727d;border:3px solid;background-color:transparent}.elementor-widget-text-editor:not(.elementor-drop-cap-view-default) .elementor-drop-cap{margin-top:8px}.elementor-widget-text-editor:not(.elementor-drop-cap-view-default) .elementor-drop-cap-letter{width:1em;height:1em}.elementor-widget-text-editor .elementor-drop-cap{float:left;text-align:center;line-height:1;font-size:50px}.elementor-widget-text-editor .elementor-drop-cap-letter{display:inline-block}<\/style>\t\t\t\t<p><strong>Sitras beliefert seit Jahren Unternehmen<\/strong> in der Kunststoffindustrie mit Kunststoffgranulaten, Farbstoffen und Additiven<strong> seit 1990<\/strong>. Unsere langj\u00e4hrige Erfahrung und unser flexibler Ansatz erm\u00f6glichen L\u00f6sungen, die auf die Bed\u00fcrfnisse jedes einzelnen Kunden zugeschnitten sind. Wir begannen als kleines Unternehmen mit einer gro\u00dfen Vision - <strong>hochwertige Materialien und zuverl\u00e4ssige Unterst\u00fctzung anzubieten<\/strong> um Unternehmen bei ihren t\u00e4glichen Herausforderungen zu helfen.<\/p><p>Unsere Kunden betonen oft, dass sie unsere Schnelligkeit und Zuverl\u00e4ssigkeit bei der Lieferung von Materialien sch\u00e4tzen, die f\u00fcr den reibungslosen Ablauf ihrer Produktion entscheidend sind. Sie loben auch unsere Professionalit\u00e4t und unsere Bereitschaft, sie bei der Auswahl der richtigen Materialien zu beraten. Viele Kunden haben die Zusammenarbeit mit uns wegen unserer Flexibilit\u00e4t bei der Bestellung und unserer Preistransparenz begonnen, weshalb wir ihr langfristiger Partner bleiben.<\/p><p>Wir bei Sitras glauben, dass der Schl\u00fcssel zum Erfolg im Aufbau von Vertrauen und einer Partnerschaft liegt - und genau das sagen uns unsere Kunden oft. Heute, nach mehr als drei Jahrzehnten, streben wir immer noch nach demselben Ziel: ein zuverl\u00e4ssiger Partner zu sein, auf den unsere Kunden immer z\u00e4hlen k\u00f6nnen.<\/p>\t\t\t\t\t\t<\/div>\n\t\t\t\t<\/div>\n\t\t\t\t<\/div>\n\t\t\t\t\t<\/div>\n\t\t\t\t<\/div>\n\t\t\t\t<\/div>","protected":false},"excerpt":{"rendered":"<p>Seit 1990 f\u00fcr Sie da! Sitras beliefert seit 1990 Unternehmen der Kunststoffindustrie mit Kunststoffgranulaten, Farbmitteln und Additiven. Unsere langj\u00e4hrige Erfahrung und unser flexibler Ansatz erm\u00f6glichen L\u00f6sungen, die auf die Bed\u00fcrfnisse jedes einzelnen Kunden zugeschnitten sind. Wir begannen als kleines Unternehmen mit einer gro\u00dfen Vision - wir wollten Qualit\u00e4tsmaterialien und [...]<\/p>","protected":false},"author":1,"featured_media":0,"parent":0,"menu_order":0,"comment_status":"closed","ping_status":"closed","template":"elementor_header_footer","meta":{"_acf_changed":false,"footnotes":""},"class_list":["post-211","page","type-page","status-publish","hentry"],"acf":[],"_links":{"self":[{"href":"https:\/\/sitras.si\/de\/wp-json\/wp\/v2\/pages\/211","targetHints":{"allow":["GET"]}}],"collection":[{"href":"https:\/\/sitras.si\/de\/wp-json\/wp\/v2\/pages"}],"about":[{"href":"https:\/\/sitras.si\/de\/wp-json\/wp\/v2\/types\/page"}],"author":[{"embeddable":true,"href":"https:\/\/sitras.si\/de\/wp-json\/wp\/v2\/users\/1"}],"replies":[{"embeddable":true,"href":"https:\/\/sitras.si\/de\/wp-json\/wp\/v2\/comments?post=211"}],"version-history":[{"count":20,"href":"https:\/\/sitras.si\/de\/wp-json\/wp\/v2\/pages\/211\/revisions"}],"predecessor-version":[{"id":3263,"href":"https:\/\/sitras.si\/de\/wp-json\/wp\/v2\/pages\/211\/revisions\/3263"}],"wp:attachment":[{"href":"https:\/\/sitras.si\/de\/wp-json\/wp\/v2\/media?parent=211"}],"curies":[{"name":"wp","href":"https:\/\/api.w.org\/{rel}","templated":true}]}}